{"id":6275,"date":"2023-02-24T11:27:24","date_gmt":"2023-02-24T11:27:24","guid":{"rendered":"https:\/\/accelerail.eu\/imprint\/"},"modified":"2023-03-02T10:41:58","modified_gmt":"2023-03-02T10:41:58","slug":"imprint","status":"publish","type":"page","link":"https:\/\/accelerail.eu\/de\/imprint\/","title":{"rendered":"Imprint"},"content":{"rendered":"\n<!-- Legal document generated by Complianz | GDPR\/CCPA Cookie Consent https:\/\/wordpress.org\/plugins\/complianz-gdpr -->\n<div id=\"cmplz-document\" class=\"cmplz-document impressum cmplz-document-all\"><p><i>This imprint was last updated on 23. Mai 2025.<\/i><\/p><p class=\"cmplz-subtitle\">The owner of this website is:<\/p><p>AcceleRail Advisors GmbH AcceleRail Advisors GmbH<br>Bessie-Coleman-Str. 7,<br \/>\n60549 Frankfurt am Main<br>Germany<br>Email:&nbsp;<span class=\"cmplz-obfuscate\">in&#102;o@<span class=\"cmplz-fmail-domain\">&#101;&#120;&#046;com<\/span>acc&#101;l&#101;&#114;&#097;il&#046;eu<\/span><br>Phone number: +49-69 8700 586 20<br>VAT ID:&nbsp;DE346910279<\/p><p class=\"cmplz-subtitle\">The legal representative(s) of AcceleRail Advisors GmbH AcceleRail Advisors GmbH:<\/p><p>Olivier Genkin<\/p><h2>1. General<\/h2><p class=\"cmplz-subtitle\">1.1 We are registered at Amtsgericht Frankfurt am Main under the license or registration number:<\/p><p>HRB 124275<\/p><p>We are not willing or obliged to participate in dispute resolution procedures before a consumer arbitration board.<\/p><h2>2. The following information is mandatory according to German law.<\/h2><p class=\"cmplz-subtitle\">2.1 Die Eigentumsanteile der Gesellschaft (Aktienkapital), die von ihr ausgegeben wurden:<\/p><p>\u20ac 25.000<\/p><p class=\"cmplz-subtitle\">2.2 Unsere Berufshaftpflichtversicherung lautet:<\/p><p>Markel Insurance SE, Sophienstr. 26, 80333 M\u00fcnchen \u2013 geographischer Geltungsbereich: F\u00fcr Verm\u00f6genssch\u00e4den besteht weltweiter Versicherungsschutz<\/p><\/div>\n","protected":false},"excerpt":{"rendered":"This imprint was last updated on 23. Mai 2025.The owner of this website is:AcceleRail Advisors GmbH AcceleRail Advisors GmbHBessie-Coleman-Str. 7, 60549 Frankfurt am MainGermanyEmail:&nbsp;i&#110;&#102;o@&#101;x.com&#097;&#099;&#099;&#101;l&#101;&#114;a&#105;&#108;.euPhone number: +49-69 8700 586 20VAT ID:&nbsp;DE346910279The...","protected":false},"author":2,"featured_media":0,"parent":0,"menu_order":0,"comment_status":"closed","ping_status":"closed","template":"","meta":{"inline_featured_image":false,"_monsterinsights_skip_tracking":false,"_monsterinsights_sitenote_active":false,"_monsterinsights_sitenote_note":"","_monsterinsights_sitenote_category":0,"footnotes":""},"class_list":["post-6275","page","type-page","status-publish"],"yoast_head":"<!-- This site is optimized with the Yoast SEO plugin v27.4 - https:\/\/yoast.com\/product\/yoast-seo-wordpress\/ -->\n<title>Imprint - AcceleRail<\/title>\n<meta name=\"robots\" content=\"index, follow, max-snippet:-1, max-image-preview:large, max-video-preview:-1\" \/>\n<link rel=\"canonical\" href=\"https:\/\/accelerail.eu\/de\/imprint\/\" \/>\n<meta property=\"og:locale\" content=\"de_DE\" \/>\n<meta property=\"og:type\" content=\"article\" \/>\n<meta property=\"og:title\" content=\"Imprint - AcceleRail\" \/>\n<meta property=\"og:url\" content=\"https:\/\/accelerail.eu\/de\/imprint\/\" \/>\n<meta property=\"og:site_name\" content=\"AcceleRail\" \/>\n<meta property=\"article:modified_time\" content=\"2023-03-02T10:41:58+00:00\" \/>\n<meta name=\"twitter:card\" content=\"summary_large_image\" \/>\n<script type=\"application\/ld+json\" class=\"yoast-schema-graph\">{\"@context\":\"https:\\\/\\\/schema.org\",\"@graph\":[{\"@type\":\"WebPage\",\"@id\":\"https:\\\/\\\/accelerail.eu\\\/de\\\/imprint\\\/\",\"url\":\"https:\\\/\\\/accelerail.eu\\\/de\\\/imprint\\\/\",\"name\":\"Imprint - AcceleRail\",\"isPartOf\":{\"@id\":\"https:\\\/\\\/accelerail.eu\\\/#website\"},\"datePublished\":\"2023-02-24T11:27:24+00:00\",\"dateModified\":\"2023-03-02T10:41:58+00:00\",\"breadcrumb\":{\"@id\":\"https:\\\/\\\/accelerail.eu\\\/de\\\/imprint\\\/#breadcrumb\"},\"inLanguage\":\"de\",\"potentialAction\":[{\"@type\":\"ReadAction\",\"target\":[\"https:\\\/\\\/accelerail.eu\\\/de\\\/imprint\\\/\"]}]},{\"@type\":\"BreadcrumbList\",\"@id\":\"https:\\\/\\\/accelerail.eu\\\/de\\\/imprint\\\/#breadcrumb\",\"itemListElement\":[{\"@type\":\"ListItem\",\"position\":1,\"name\":\"Home\",\"item\":\"https:\\\/\\\/accelerail.eu\\\/de\\\/\"},{\"@type\":\"ListItem\",\"position\":2,\"name\":\"Imprint\"}]},{\"@type\":\"WebSite\",\"@id\":\"https:\\\/\\\/accelerail.eu\\\/#website\",\"url\":\"https:\\\/\\\/accelerail.eu\\\/\",\"name\":\"AcceleRail\",\"description\":\"\",\"potentialAction\":[{\"@type\":\"SearchAction\",\"target\":{\"@type\":\"EntryPoint\",\"urlTemplate\":\"https:\\\/\\\/accelerail.eu\\\/?s={search_term_string}\"},\"query-input\":{\"@type\":\"PropertyValueSpecification\",\"valueRequired\":true,\"valueName\":\"search_term_string\"}}],\"inLanguage\":\"de\"}]}<\/script>\n<!-- \/ Yoast SEO plugin. -->","yoast_head_json":{"title":"Imprint - AcceleRail","robots":{"index":"index","follow":"follow","max-snippet":"max-snippet:-1","max-image-preview":"max-image-preview:large","max-video-preview":"max-video-preview:-1"},"canonical":"https:\/\/accelerail.eu\/de\/imprint\/","og_locale":"de_DE","og_type":"article","og_title":"Imprint - AcceleRail","og_url":"https:\/\/accelerail.eu\/de\/imprint\/","og_site_name":"AcceleRail","article_modified_time":"2023-03-02T10:41:58+00:00","twitter_card":"summary_large_image","schema":{"@context":"https:\/\/schema.org","@graph":[{"@type":"WebPage","@id":"https:\/\/accelerail.eu\/de\/imprint\/","url":"https:\/\/accelerail.eu\/de\/imprint\/","name":"Imprint - AcceleRail","isPartOf":{"@id":"https:\/\/accelerail.eu\/#website"},"datePublished":"2023-02-24T11:27:24+00:00","dateModified":"2023-03-02T10:41:58+00:00","breadcrumb":{"@id":"https:\/\/accelerail.eu\/de\/imprint\/#breadcrumb"},"inLanguage":"de","potentialAction":[{"@type":"ReadAction","target":["https:\/\/accelerail.eu\/de\/imprint\/"]}]},{"@type":"BreadcrumbList","@id":"https:\/\/accelerail.eu\/de\/imprint\/#breadcrumb","itemListElement":[{"@type":"ListItem","position":1,"name":"Home","item":"https:\/\/accelerail.eu\/de\/"},{"@type":"ListItem","position":2,"name":"Imprint"}]},{"@type":"WebSite","@id":"https:\/\/accelerail.eu\/#website","url":"https:\/\/accelerail.eu\/","name":"AcceleRail","description":"","potentialAction":[{"@type":"SearchAction","target":{"@type":"EntryPoint","urlTemplate":"https:\/\/accelerail.eu\/?s={search_term_string}"},"query-input":{"@type":"PropertyValueSpecification","valueRequired":true,"valueName":"search_term_string"}}],"inLanguage":"de"}]}},"_links":{"self":[{"href":"https:\/\/accelerail.eu\/de\/wp-json\/wp\/v2\/pages\/6275","targetHints":{"allow":["GET"]}}],"collection":[{"href":"https:\/\/accelerail.eu\/de\/wp-json\/wp\/v2\/pages"}],"about":[{"href":"https:\/\/accelerail.eu\/de\/wp-json\/wp\/v2\/types\/page"}],"author":[{"embeddable":true,"href":"https:\/\/accelerail.eu\/de\/wp-json\/wp\/v2\/users\/2"}],"replies":[{"embeddable":true,"href":"https:\/\/accelerail.eu\/de\/wp-json\/wp\/v2\/comments?post=6275"}],"version-history":[{"count":1,"href":"https:\/\/accelerail.eu\/de\/wp-json\/wp\/v2\/pages\/6275\/revisions"}],"predecessor-version":[{"id":6317,"href":"https:\/\/accelerail.eu\/de\/wp-json\/wp\/v2\/pages\/6275\/revisions\/6317"}],"wp:attachment":[{"href":"https:\/\/accelerail.eu\/de\/wp-json\/wp\/v2\/media?parent=6275"}],"curies":[{"name":"wp","href":"https:\/\/api.w.org\/{rel}","templated":true}]}}